{"id":8833,"date":"2025-01-01T17:00:58","date_gmt":"2025-01-01T22:00:58","guid":{"rendered":"https:\/\/clickhd.net\/satelital\/?page_id=8833"},"modified":"2025-02-18T19:46:41","modified_gmt":"2025-02-19T00:46:41","slug":"transporte-de-carga-seca","status":"publish","type":"page","link":"https:\/\/pronterrestre.com\/sa\/transporte-de-carga-seca\/","title":{"rendered":"Transporte de Carga Seca"},"content":{"rendered":"\t\t<div data-elementor-type=\"wp-page\" data-elementor-id=\"8833\" class=\"elementor elementor-8833\" data-elementor-settings=\"{&quot;ha_cmc_init_switcher&quot;:&quot;no&quot;}\" data-elementor-post-type=\"page\">\n\t\t\t\t<div class=\"elementor-element elementor-element-b9162fd e-con-full e-flex e-con e-parent\" data-id=\"b9162fd\" data-element_type=\"container\" data-e-type=\"container\" data-settings=\"{&quot;background_background&quot;:&quot;classic&quot;,&quot;shape_divider_top&quot;:&quot;mountains&quot;,&quot;background_motion_fx_motion_fx_scrolling&quot;:&quot;yes&quot;,&quot;background_motion_fx_motion_fx_mouse&quot;:&quot;yes&quot;,&quot;background_motion_fx_mouseTrack_effect&quot;:&quot;yes&quot;,&quot;background_motion_fx_devices&quot;:[&quot;desktop&quot;,&quot;tablet&quot;,&quot;mobile&quot;],&quot;background_motion_fx_mouseTrack_speed&quot;:{&quot;unit&quot;:&quot;px&quot;,&quot;size&quot;:1,&quot;sizes&quot;:[]},&quot;_ha_eqh_enable&quot;:false}\">\n\t\t\t\t<div class=\"elementor-shape elementor-shape-top\" aria-hidden=\"true\" data-negative=\"false\">\n\t\t\t<svg xmlns=\"http:\/\/www.w3.org\/2000\/svg\" viewBox=\"0 0 1000 100\" preserveAspectRatio=\"none\">\n\t<path class=\"elementor-shape-fill\" opacity=\"0.33\" d=\"M473,67.3c-203.9,88.3-263.1-34-320.3,0C66,119.1,0,59.7,0,59.7V0h1000v59.7 c0,0-62.1,26.1-94.9,29.3c-32.8,3.3-62.8-12.3-75.8-22.1C806,49.6,745.3,8.7,694.9,4.7S492.4,59,473,67.3z\"\/>\n\t<path class=\"elementor-shape-fill\" opacity=\"0.66\" d=\"M734,67.3c-45.5,0-77.2-23.2-129.1-39.1c-28.6-8.7-150.3-10.1-254,39.1 s-91.7-34.4-149.2,0C115.7,118.3,0,39.8,0,39.8V0h1000v36.5c0,0-28.2-18.5-92.1-18.5C810.2,18.1,775.7,67.3,734,67.3z\"\/>\n\t<path class=\"elementor-shape-fill\" d=\"M766.1,28.9c-200-57.5-266,65.5-395.1,19.5C242,1.8,242,5.4,184.8,20.6C128,35.8,132.3,44.9,89.9,52.5C28.6,63.7,0,0,0,0 h1000c0,0-9.9,40.9-83.6,48.1S829.6,47,766.1,28.9z\"\/>\n<\/svg>\t\t<\/div>\n\t\t<div class=\"elementor-element elementor-element-b1ca3d9 e-con-full e-flex e-con e-child\" data-id=\"b1ca3d9\" data-element_type=\"container\" data-e-type=\"container\" data-settings=\"{&quot;_ha_eqh_enable&quot;:false}\">\n\t\t\t\t<div class=\"elementor-element elementor-element-cadfdf8 elementor-widget elementor-widget-heading\" data-id=\"cadfdf8\" data-element_type=\"widget\" data-e-type=\"widget\" data-widget_type=\"heading.default\">\n\t\t\t\t<div class=\"elementor-widget-container\">\n\t\t\t\t\t<h2 class=\"elementor-heading-title elementor-size-default\">TRANSPORTE DE CARGA SECA<\/h2>\t\t\t\t<\/div>\n\t\t\t\t<\/div>\n\t\t\t\t<\/div>\n\t\t\t\t<\/div>\n\t\t<div class=\"elementor-element elementor-element-013dfc8 e-flex e-con-boxed e-con e-parent\" data-id=\"013dfc8\" data-element_type=\"container\" data-e-type=\"container\" data-settings=\"{&quot;shape_divider_bottom&quot;:&quot;triangle-asymmetrical&quot;,&quot;_ha_eqh_enable&quot;:false}\">\n\t\t\t\t\t<div class=\"e-con-inner\">\n\t\t\t\t<div class=\"elementor-shape elementor-shape-bottom\" aria-hidden=\"true\" data-negative=\"false\">\n\t\t\t<svg xmlns=\"http:\/\/www.w3.org\/2000\/svg\" viewBox=\"0 0 1000 100\" preserveAspectRatio=\"none\">\n\t<path class=\"elementor-shape-fill\" d=\"M738,99l262-93V0H0v5.6L738,99z\"\/>\n<\/svg>\t\t<\/div>\n\t\t<div class=\"elementor-element elementor-element-b8a2cac e-con-full e-flex e-con e-child\" data-id=\"b8a2cac\" data-element_type=\"container\" data-e-type=\"container\" data-settings=\"{&quot;motion_fx_motion_fx_scrolling&quot;:&quot;yes&quot;,&quot;motion_fx_translateY_effect&quot;:&quot;yes&quot;,&quot;_ha_eqh_enable&quot;:false,&quot;motion_fx_translateY_speed&quot;:{&quot;unit&quot;:&quot;px&quot;,&quot;size&quot;:4,&quot;sizes&quot;:[]},&quot;motion_fx_translateY_affectedRange&quot;:{&quot;unit&quot;:&quot;%&quot;,&quot;size&quot;:&quot;&quot;,&quot;sizes&quot;:{&quot;start&quot;:0,&quot;end&quot;:100}},&quot;motion_fx_devices&quot;:[&quot;desktop&quot;,&quot;tablet&quot;,&quot;mobile&quot;]}\">\n\t\t\t\t<div class=\"elementor-element elementor-element-9251925 elementor-widget elementor-widget-image\" data-id=\"9251925\" data-element_type=\"widget\" data-e-type=\"widget\" data-widget_type=\"image.default\">\n\t\t\t\t<div class=\"elementor-widget-container\">\n\t\t\t\t\t\t\t\t\t\t\t\t\t\t\t<img decoding=\"async\" src=\"https:\/\/pronterrestre.com\/sa\/wp-content\/uploads\/elementor\/thumbs\/servicios11-r1plw9kvow4miytrsiykdxrhhwuv0lgi8741m00rfk.jpg\" title=\"servicios11\" alt=\"servicios11\" loading=\"lazy\" \/>\t\t\t\t\t\t\t\t\t\t\t\t\t\t\t<\/div>\n\t\t\t\t<\/div>\n\t\t\t\t<\/div>\n\t\t<div class=\"elementor-element elementor-element-7a704ca e-con-full e-flex e-con e-child\" data-id=\"7a704ca\" data-element_type=\"container\" data-e-type=\"container\" data-settings=\"{&quot;_ha_eqh_enable&quot;:false}\">\n\t\t\t\t<div class=\"elementor-element elementor-element-8b6ba4c elementor-widget elementor-widget-text-editor\" data-id=\"8b6ba4c\" data-element_type=\"widget\" data-e-type=\"widget\" data-widget_type=\"text-editor.default\">\n\t\t\t\t<div class=\"elementor-widget-container\">\n\t\t\t\t\t\t\t\t\t<div><p style=\"text-align: justify;\">Ofrecemos soluciones de transporte de carga seca con cobertura a nivel nacional, garantizando un servicio seguro, eficiente y adaptado a las necesidades de su negocio. Contamos con diferentes modalidades de transporte para ajustarnos al volumen y caracter\u00edsticas de su carga:<\/p><p style=\"text-align: justify;\">\u2705 Masivo: Ideal para grandes vol\u00famenes de mercanc\u00eda, optimizando costos y tiempos de entrega.<br \/>\u2705 Semi-masivo: Perfecto para cargas medianas que requieren flexibilidad y eficiencia.<br \/>\u2705 Distribuci\u00f3n: Servicio especializado para la entrega de productos a m\u00faltiples destinos dentro de ciudades o regiones.<\/p><\/div>\t\t\t\t\t\t\t\t<\/div>\n\t\t\t\t<\/div>\n\t\t\t\t<\/div>\n\t\t\t\t\t<\/div>\n\t\t\t\t<\/div>\n\t\t<div class=\"elementor-element elementor-element-501e856 e-flex e-con-boxed e-con e-parent\" data-id=\"501e856\" data-element_type=\"container\" data-e-type=\"container\" data-settings=\"{&quot;background_background&quot;:&quot;classic&quot;,&quot;shape_divider_bottom&quot;:&quot;triangle-asymmetrical&quot;,&quot;_ha_eqh_enable&quot;:false}\">\n\t\t\t\t\t<div class=\"e-con-inner\">\n\t\t\t\t<div class=\"elementor-shape elementor-shape-bottom\" aria-hidden=\"true\" data-negative=\"false\">\n\t\t\t<svg xmlns=\"http:\/\/www.w3.org\/2000\/svg\" viewBox=\"0 0 1000 100\" preserveAspectRatio=\"none\">\n\t<path class=\"elementor-shape-fill\" d=\"M738,99l262-93V0H0v5.6L738,99z\"\/>\n<\/svg>\t\t<\/div>\n\t\t<div class=\"elementor-element elementor-element-3d4406a e-con-full e-flex e-con e-child\" data-id=\"3d4406a\" data-element_type=\"container\" data-e-type=\"container\" data-settings=\"{&quot;_ha_eqh_enable&quot;:false}\">\n\t\t\t\t<div class=\"elementor-element elementor-element-95efc7f elementor-widget elementor-widget-text-editor\" data-id=\"95efc7f\" data-element_type=\"widget\" data-e-type=\"widget\" data-widget_type=\"text-editor.default\">\n\t\t\t\t<div class=\"elementor-widget-container\">\n\t\t\t\t\t\t\t\t\t<p style=\"text-align: justify;\">Disponemos de una flota moderna y variada que incluye tractocamiones, dobletroques, camiones sencillos, turbos y carrys, asegurando que su carga llegue en \u00f3ptimas condiciones y en el menor tiempo posible. Nuestro equipo de expertos en log\u00edstica coordina cada env\u00edo con precisi\u00f3n, garantizando cumplimiento y trazabilidad en cada etapa del proceso.<\/p><p>\ud83d\udd39 Compromiso con la seguridad: Implementamos estrictos protocolos de seguridad para proteger su mercanc\u00eda.<br \/>\ud83d\udd39 Tiempos de entrega optimizados: Rutas estrat\u00e9gicas y planificaci\u00f3n eficiente para reducir tiempos de tr\u00e1nsito.<br \/>\ud83d\udd39 Atenci\u00f3n personalizada: Un equipo de asesores listos para ayudarle a encontrar la mejor soluci\u00f3n para su carga.<\/p>\t\t\t\t\t\t\t\t<\/div>\n\t\t\t\t<\/div>\n\t\t\t\t<\/div>\n\t\t<div class=\"elementor-element elementor-element-9001515 e-con-full e-flex e-con e-child\" data-id=\"9001515\" data-element_type=\"container\" data-e-type=\"container\" data-settings=\"{&quot;motion_fx_motion_fx_scrolling&quot;:&quot;yes&quot;,&quot;motion_fx_translateY_effect&quot;:&quot;yes&quot;,&quot;_ha_eqh_enable&quot;:false,&quot;motion_fx_translateY_speed&quot;:{&quot;unit&quot;:&quot;px&quot;,&quot;size&quot;:4,&quot;sizes&quot;:[]},&quot;motion_fx_translateY_affectedRange&quot;:{&quot;unit&quot;:&quot;%&quot;,&quot;size&quot;:&quot;&quot;,&quot;sizes&quot;:{&quot;start&quot;:0,&quot;end&quot;:100}},&quot;motion_fx_devices&quot;:[&quot;desktop&quot;,&quot;tablet&quot;,&quot;mobile&quot;]}\">\n\t\t\t\t<div class=\"elementor-element elementor-element-fe73005 elementor-widget elementor-widget-image\" data-id=\"fe73005\" data-element_type=\"widget\" data-e-type=\"widget\" data-widget_type=\"image.default\">\n\t\t\t\t<div class=\"elementor-widget-container\">\n\t\t\t\t\t\t\t\t\t\t\t\t\t\t\t<img decoding=\"async\" src=\"https:\/\/pronterrestre.com\/sa\/wp-content\/uploads\/elementor\/thumbs\/slider3-1-r1plw7p7b821vqwi3i5b8y8kb544l791jxt2ng3js0.jpg\" title=\"slider3-1\" alt=\"slider3-1\" loading=\"lazy\" \/>\t\t\t\t\t\t\t\t\t\t\t\t\t\t\t<\/div>\n\t\t\t\t<\/div>\n\t\t\t\t<\/div>\n\t\t\t\t\t<\/div>\n\t\t\t\t<\/div>\n\t\t\t\t<\/div>\n\t\t","protected":false},"excerpt":{"rendered":"<p>TRANSPORTE DE CARGA SECA Ofrecemos soluciones de transporte de carga seca con cobertura a nivel nacional, garantizando un servicio seguro, eficiente y adaptado a las necesidades de su negocio. Contamos con diferentes modalidades de transporte para ajustarnos al volumen y caracter\u00edsticas de su carga: \u2705 Masivo: Ideal para grandes vol\u00famenes de mercanc\u00eda, optimizando costos y [&hellip;]<\/p>\n","protected":false},"author":1,"featured_media":0,"parent":0,"menu_order":0,"comment_status":"closed","ping_status":"closed","template":"elementor_header_footer","meta":{"_joinchat":[],"footnotes":""},"folder":[],"class_list":["post-8833","page","type-page","status-publish","hentry"],"_links":{"self":[{"href":"https:\/\/pronterrestre.com\/sa\/wp-json\/wp\/v2\/pages\/8833","targetHints":{"allow":["GET"]}}],"collection":[{"href":"https:\/\/pronterrestre.com\/sa\/wp-json\/wp\/v2\/pages"}],"about":[{"href":"https:\/\/pronterrestre.com\/sa\/wp-json\/wp\/v2\/types\/page"}],"author":[{"embeddable":true,"href":"https:\/\/pronterrestre.com\/sa\/wp-json\/wp\/v2\/users\/1"}],"replies":[{"embeddable":true,"href":"https:\/\/pronterrestre.com\/sa\/wp-json\/wp\/v2\/comments?post=8833"}],"version-history":[{"count":249,"href":"https:\/\/pronterrestre.com\/sa\/wp-json\/wp\/v2\/pages\/8833\/revisions"}],"predecessor-version":[{"id":15598,"href":"https:\/\/pronterrestre.com\/sa\/wp-json\/wp\/v2\/pages\/8833\/revisions\/15598"}],"wp:attachment":[{"href":"https:\/\/pronterrestre.com\/sa\/wp-json\/wp\/v2\/media?parent=8833"}],"wp:term":[{"taxonomy":"folder","embeddable":true,"href":"https:\/\/pronterrestre.com\/sa\/wp-json\/wp\/v2\/folder?post=8833"}],"curies":[{"name":"wp","href":"https:\/\/api.w.org\/{rel}","templated":true}]}}