{"id":14942,"date":"2025-01-12T21:01:21","date_gmt":"2025-01-13T02:01:21","guid":{"rendered":"https:\/\/pronterrestre.com\/sa\/?page_id=14942"},"modified":"2025-02-18T19:44:55","modified_gmt":"2025-02-19T00:44:55","slug":"almacenamiento-y-distribucion-de-mercancias","status":"publish","type":"page","link":"https:\/\/pronterrestre.com\/sa\/almacenamiento-y-distribucion-de-mercancias\/","title":{"rendered":"Almacenamiento y Distribuci\u00f3n de mercanc\u00edas"},"content":{"rendered":"\t\t<div data-elementor-type=\"wp-page\" data-elementor-id=\"14942\" class=\"elementor elementor-14942\" data-elementor-settings=\"{&quot;ha_cmc_init_switcher&quot;:&quot;no&quot;}\" data-elementor-post-type=\"page\">\n\t\t\t\t<div class=\"elementor-element elementor-element-bc26b27 e-con-full e-flex e-con e-parent\" data-id=\"bc26b27\" data-element_type=\"container\" data-e-type=\"container\" data-settings=\"{&quot;background_background&quot;:&quot;classic&quot;,&quot;shape_divider_top&quot;:&quot;mountains&quot;,&quot;background_motion_fx_motion_fx_scrolling&quot;:&quot;yes&quot;,&quot;background_motion_fx_motion_fx_mouse&quot;:&quot;yes&quot;,&quot;background_motion_fx_mouseTrack_effect&quot;:&quot;yes&quot;,&quot;background_motion_fx_devices&quot;:[&quot;desktop&quot;,&quot;tablet&quot;,&quot;mobile&quot;],&quot;background_motion_fx_mouseTrack_speed&quot;:{&quot;unit&quot;:&quot;px&quot;,&quot;size&quot;:1,&quot;sizes&quot;:[]},&quot;_ha_eqh_enable&quot;:false}\">\n\t\t\t\t<div class=\"elementor-shape elementor-shape-top\" aria-hidden=\"true\" data-negative=\"false\">\n\t\t\t<svg xmlns=\"http:\/\/www.w3.org\/2000\/svg\" viewBox=\"0 0 1000 100\" preserveAspectRatio=\"none\">\n\t<path class=\"elementor-shape-fill\" opacity=\"0.33\" d=\"M473,67.3c-203.9,88.3-263.1-34-320.3,0C66,119.1,0,59.7,0,59.7V0h1000v59.7 c0,0-62.1,26.1-94.9,29.3c-32.8,3.3-62.8-12.3-75.8-22.1C806,49.6,745.3,8.7,694.9,4.7S492.4,59,473,67.3z\"\/>\n\t<path class=\"elementor-shape-fill\" opacity=\"0.66\" d=\"M734,67.3c-45.5,0-77.2-23.2-129.1-39.1c-28.6-8.7-150.3-10.1-254,39.1 s-91.7-34.4-149.2,0C115.7,118.3,0,39.8,0,39.8V0h1000v36.5c0,0-28.2-18.5-92.1-18.5C810.2,18.1,775.7,67.3,734,67.3z\"\/>\n\t<path class=\"elementor-shape-fill\" d=\"M766.1,28.9c-200-57.5-266,65.5-395.1,19.5C242,1.8,242,5.4,184.8,20.6C128,35.8,132.3,44.9,89.9,52.5C28.6,63.7,0,0,0,0 h1000c0,0-9.9,40.9-83.6,48.1S829.6,47,766.1,28.9z\"\/>\n<\/svg>\t\t<\/div>\n\t\t<div class=\"elementor-element elementor-element-9efe9d8 e-con-full e-flex e-con e-child\" data-id=\"9efe9d8\" data-element_type=\"container\" data-e-type=\"container\" data-settings=\"{&quot;_ha_eqh_enable&quot;:false}\">\n\t\t\t\t<div class=\"elementor-element elementor-element-fbb759b elementor-widget elementor-widget-heading\" data-id=\"fbb759b\" data-element_type=\"widget\" data-e-type=\"widget\" data-widget_type=\"heading.default\">\n\t\t\t\t<div class=\"elementor-widget-container\">\n\t\t\t\t\t<h2 class=\"elementor-heading-title elementor-size-default\">ALMACENAMIENTO Y DISTRIBUCI\u00d3N DE MERCANCIAS<\/h2>\t\t\t\t<\/div>\n\t\t\t\t<\/div>\n\t\t\t\t<\/div>\n\t\t\t\t<\/div>\n\t\t<div class=\"elementor-element elementor-element-013dfc8 e-flex e-con-boxed e-con e-parent\" data-id=\"013dfc8\" data-element_type=\"container\" data-e-type=\"container\" data-settings=\"{&quot;shape_divider_bottom&quot;:&quot;triangle-asymmetrical&quot;,&quot;_ha_eqh_enable&quot;:false}\">\n\t\t\t\t\t<div class=\"e-con-inner\">\n\t\t\t\t<div class=\"elementor-shape elementor-shape-bottom\" aria-hidden=\"true\" data-negative=\"false\">\n\t\t\t<svg xmlns=\"http:\/\/www.w3.org\/2000\/svg\" viewBox=\"0 0 1000 100\" preserveAspectRatio=\"none\">\n\t<path class=\"elementor-shape-fill\" d=\"M738,99l262-93V0H0v5.6L738,99z\"\/>\n<\/svg>\t\t<\/div>\n\t\t<div class=\"elementor-element elementor-element-b8a2cac e-con-full e-flex e-con e-child\" data-id=\"b8a2cac\" data-element_type=\"container\" data-e-type=\"container\" data-settings=\"{&quot;motion_fx_motion_fx_scrolling&quot;:&quot;yes&quot;,&quot;motion_fx_translateY_effect&quot;:&quot;yes&quot;,&quot;_ha_eqh_enable&quot;:false,&quot;motion_fx_translateY_speed&quot;:{&quot;unit&quot;:&quot;px&quot;,&quot;size&quot;:4,&quot;sizes&quot;:[]},&quot;motion_fx_translateY_affectedRange&quot;:{&quot;unit&quot;:&quot;%&quot;,&quot;size&quot;:&quot;&quot;,&quot;sizes&quot;:{&quot;start&quot;:0,&quot;end&quot;:100}},&quot;motion_fx_devices&quot;:[&quot;desktop&quot;,&quot;tablet&quot;,&quot;mobile&quot;]}\">\n\t\t\t\t<div class=\"elementor-element elementor-element-9251925 elementor-widget elementor-widget-image\" data-id=\"9251925\" data-element_type=\"widget\" data-e-type=\"widget\" data-widget_type=\"image.default\">\n\t\t\t\t<div class=\"elementor-widget-container\">\n\t\t\t\t\t\t\t\t\t\t\t\t\t\t\t<img decoding=\"async\" src=\"https:\/\/pronterrestre.com\/sa\/wp-content\/uploads\/elementor\/thumbs\/almacenamiento1a-r1ewfpzlak6ojba52bb2fmvkhcksa4jfpoi3kmwteo.jpg\" title=\"almacenamiento1a\" alt=\"almacenamiento1a\" loading=\"lazy\" \/>\t\t\t\t\t\t\t\t\t\t\t\t\t\t\t<\/div>\n\t\t\t\t<\/div>\n\t\t\t\t<\/div>\n\t\t<div class=\"elementor-element elementor-element-7a704ca e-con-full e-flex e-con e-child\" data-id=\"7a704ca\" data-element_type=\"container\" data-e-type=\"container\" data-settings=\"{&quot;_ha_eqh_enable&quot;:false}\">\n\t\t\t\t<div class=\"elementor-element elementor-element-8b6ba4c elementor-widget elementor-widget-text-editor\" data-id=\"8b6ba4c\" data-element_type=\"widget\" data-e-type=\"widget\" data-widget_type=\"text-editor.default\">\n\t\t\t\t<div class=\"elementor-widget-container\">\n\t\t\t\t\t\t\t\t\t<div><p style=\"text-align: justify;\">Ofrecemos un servicio integral de almacenamiento y distribuci\u00f3n de mercanc\u00edas, dise\u00f1ado para optimizar la log\u00edstica de su empresa y garantizar una gesti\u00f3n eficiente de inventarios. Contamos con infraestructura moderna y tecnolog\u00eda avanzada para asegurar el correcto manejo, control y entrega de sus productos en todo el territorio nacional.<\/p><p style=\"text-align: justify;\"><strong>\u00bfQu\u00e9 ofrecemos?<\/strong><br \/><strong>Almacenamiento seguro y flexible:<\/strong> Bodegas con control de temperatura, seguridad 24\/7 y sistemas de gesti\u00f3n de inventario.<br \/>Manejo especializado de mercanc\u00edas: Procesos optimizados para la recepci\u00f3n, clasificaci\u00f3n y despacho eficiente de productos.<br \/><strong>Distribuci\u00f3n estrat\u00e9gica:<\/strong> Rutas planificadas para garantizar entregas r\u00e1pidas y efectivas, con cobertura nacional.<br \/><strong>Monitoreo y trazabilidad en tiempo real:<\/strong> Seguimiento continuo para un mayor control sobre su mercanc\u00eda.<\/p><\/div>\t\t\t\t\t\t\t\t<\/div>\n\t\t\t\t<\/div>\n\t\t\t\t<\/div>\n\t\t\t\t\t<\/div>\n\t\t\t\t<\/div>\n\t\t<div class=\"elementor-element elementor-element-501e856 e-flex e-con-boxed e-con e-parent\" data-id=\"501e856\" data-element_type=\"container\" data-e-type=\"container\" data-settings=\"{&quot;background_background&quot;:&quot;classic&quot;,&quot;shape_divider_bottom&quot;:&quot;triangle-asymmetrical&quot;,&quot;_ha_eqh_enable&quot;:false}\">\n\t\t\t\t\t<div class=\"e-con-inner\">\n\t\t\t\t<div class=\"elementor-shape elementor-shape-bottom\" aria-hidden=\"true\" data-negative=\"false\">\n\t\t\t<svg xmlns=\"http:\/\/www.w3.org\/2000\/svg\" viewBox=\"0 0 1000 100\" preserveAspectRatio=\"none\">\n\t<path class=\"elementor-shape-fill\" d=\"M738,99l262-93V0H0v5.6L738,99z\"\/>\n<\/svg>\t\t<\/div>\n\t\t<div class=\"elementor-element elementor-element-3d4406a e-con-full e-flex e-con e-child\" data-id=\"3d4406a\" data-element_type=\"container\" data-e-type=\"container\" data-settings=\"{&quot;_ha_eqh_enable&quot;:false}\">\n\t\t\t\t<div class=\"elementor-element elementor-element-95efc7f elementor-widget elementor-widget-text-editor\" data-id=\"95efc7f\" data-element_type=\"widget\" data-e-type=\"widget\" data-widget_type=\"text-editor.default\">\n\t\t\t\t<div class=\"elementor-widget-container\">\n\t\t\t\t\t\t\t\t\t<p style=\"text-align: justify;\"><strong>Beneficios de nuestro servicio:<\/strong><br \/>\u2705 Optimizaci\u00f3n de costos log\u00edsticos, reduciendo tiempos de entrega y almacenamiento innecesario.<br \/>\u2705 Mayor eficiencia en la cadena de suministro, asegurando disponibilidad y reposici\u00f3n oportuna de inventario.<br \/>\u2705 Adaptabilidad a diferentes tipos de mercanc\u00eda, desde productos de consumo masivo hasta carga especializada.<br \/>\u2705 Cumplimiento de normativas de almacenamiento y distribuci\u00f3n, garantizando seguridad y calidad en cada operaci\u00f3n.<\/p>\t\t\t\t\t\t\t\t<\/div>\n\t\t\t\t<\/div>\n\t\t\t\t<\/div>\n\t\t<div class=\"elementor-element elementor-element-9001515 e-con-full e-flex e-con e-child\" data-id=\"9001515\" data-element_type=\"container\" data-e-type=\"container\" data-settings=\"{&quot;motion_fx_motion_fx_scrolling&quot;:&quot;yes&quot;,&quot;motion_fx_translateY_effect&quot;:&quot;yes&quot;,&quot;_ha_eqh_enable&quot;:false,&quot;motion_fx_translateY_speed&quot;:{&quot;unit&quot;:&quot;px&quot;,&quot;size&quot;:4,&quot;sizes&quot;:[]},&quot;motion_fx_translateY_affectedRange&quot;:{&quot;unit&quot;:&quot;%&quot;,&quot;size&quot;:&quot;&quot;,&quot;sizes&quot;:{&quot;start&quot;:0,&quot;end&quot;:100}},&quot;motion_fx_devices&quot;:[&quot;desktop&quot;,&quot;tablet&quot;,&quot;mobile&quot;]}\">\n\t\t\t\t<div class=\"elementor-element elementor-element-fe73005 elementor-widget elementor-widget-image\" data-id=\"fe73005\" data-element_type=\"widget\" data-e-type=\"widget\" data-widget_type=\"image.default\">\n\t\t\t\t<div class=\"elementor-widget-container\">\n\t\t\t\t\t\t\t\t\t\t\t\t\t\t\t<img decoding=\"async\" src=\"https:\/\/pronterrestre.com\/sa\/wp-content\/uploads\/elementor\/thumbs\/almacenamiento1-r1ewfp1r3q5e7pbi7swfv543vypf2ffpdjum3cy7kw.jpg\" title=\"almacenamiento1\" alt=\"almacenamiento1\" loading=\"lazy\" \/>\t\t\t\t\t\t\t\t\t\t\t\t\t\t\t<\/div>\n\t\t\t\t<\/div>\n\t\t\t\t<\/div>\n\t\t\t\t\t<\/div>\n\t\t\t\t<\/div>\n\t\t\t\t<\/div>\n\t\t","protected":false},"excerpt":{"rendered":"<p>ALMACENAMIENTO Y DISTRIBUCI\u00d3N DE MERCANCIAS Ofrecemos un servicio integral de almacenamiento y distribuci\u00f3n de mercanc\u00edas, dise\u00f1ado para optimizar la log\u00edstica de su empresa y garantizar una gesti\u00f3n eficiente de inventarios. Contamos con infraestructura moderna y tecnolog\u00eda avanzada para asegurar el correcto manejo, control y entrega de sus productos en todo el territorio nacional. \u00bfQu\u00e9 ofrecemos?Almacenamiento [&hellip;]<\/p>\n","protected":false},"author":1,"featured_media":0,"parent":0,"menu_order":0,"comment_status":"closed","ping_status":"closed","template":"elementor_header_footer","meta":{"_joinchat":[],"footnotes":""},"folder":[],"class_list":["post-14942","page","type-page","status-publish","hentry"],"_links":{"self":[{"href":"https:\/\/pronterrestre.com\/sa\/wp-json\/wp\/v2\/pages\/14942","targetHints":{"allow":["GET"]}}],"collection":[{"href":"https:\/\/pronterrestre.com\/sa\/wp-json\/wp\/v2\/pages"}],"about":[{"href":"https:\/\/pronterrestre.com\/sa\/wp-json\/wp\/v2\/types\/page"}],"author":[{"embeddable":true,"href":"https:\/\/pronterrestre.com\/sa\/wp-json\/wp\/v2\/users\/1"}],"replies":[{"embeddable":true,"href":"https:\/\/pronterrestre.com\/sa\/wp-json\/wp\/v2\/comments?post=14942"}],"version-history":[{"count":13,"href":"https:\/\/pronterrestre.com\/sa\/wp-json\/wp\/v2\/pages\/14942\/revisions"}],"predecessor-version":[{"id":15586,"href":"https:\/\/pronterrestre.com\/sa\/wp-json\/wp\/v2\/pages\/14942\/revisions\/15586"}],"wp:attachment":[{"href":"https:\/\/pronterrestre.com\/sa\/wp-json\/wp\/v2\/media?parent=14942"}],"wp:term":[{"taxonomy":"folder","embeddable":true,"href":"https:\/\/pronterrestre.com\/sa\/wp-json\/wp\/v2\/folder?post=14942"}],"curies":[{"name":"wp","href":"https:\/\/api.w.org\/{rel}","templated":true}]}}