{"id":14894,"date":"2025-01-12T14:36:32","date_gmt":"2025-01-12T19:36:32","guid":{"rendered":"https:\/\/pronterrestre.com\/sa\/?page_id=14894"},"modified":"2025-02-18T19:38:24","modified_gmt":"2025-02-19T00:38:24","slug":"acompanamiento-vehicular-en-ruta-para-proteccion-de-mercancias","status":"publish","type":"page","link":"https:\/\/pronterrestre.com\/sa\/acompanamiento-vehicular-en-ruta-para-proteccion-de-mercancias\/","title":{"rendered":"Acompa\u00f1amiento vehicular en ruta para protecci\u00f3n de mercanc\u00edas"},"content":{"rendered":"\t\t<div data-elementor-type=\"wp-page\" data-elementor-id=\"14894\" class=\"elementor elementor-14894\" data-elementor-settings=\"{&quot;ha_cmc_init_switcher&quot;:&quot;no&quot;}\" data-elementor-post-type=\"page\">\n\t\t\t\t<div class=\"elementor-element elementor-element-80975e9 e-con-full e-flex e-con e-parent\" data-id=\"80975e9\" data-element_type=\"container\" data-e-type=\"container\" data-settings=\"{&quot;background_background&quot;:&quot;classic&quot;,&quot;shape_divider_top&quot;:&quot;mountains&quot;,&quot;background_motion_fx_motion_fx_scrolling&quot;:&quot;yes&quot;,&quot;background_motion_fx_motion_fx_mouse&quot;:&quot;yes&quot;,&quot;background_motion_fx_mouseTrack_effect&quot;:&quot;yes&quot;,&quot;background_motion_fx_devices&quot;:[&quot;desktop&quot;,&quot;tablet&quot;,&quot;mobile&quot;],&quot;background_motion_fx_mouseTrack_speed&quot;:{&quot;unit&quot;:&quot;px&quot;,&quot;size&quot;:1,&quot;sizes&quot;:[]},&quot;_ha_eqh_enable&quot;:false}\">\n\t\t\t\t<div class=\"elementor-shape elementor-shape-top\" aria-hidden=\"true\" data-negative=\"false\">\n\t\t\t<svg xmlns=\"http:\/\/www.w3.org\/2000\/svg\" viewBox=\"0 0 1000 100\" preserveAspectRatio=\"none\">\n\t<path class=\"elementor-shape-fill\" opacity=\"0.33\" d=\"M473,67.3c-203.9,88.3-263.1-34-320.3,0C66,119.1,0,59.7,0,59.7V0h1000v59.7 c0,0-62.1,26.1-94.9,29.3c-32.8,3.3-62.8-12.3-75.8-22.1C806,49.6,745.3,8.7,694.9,4.7S492.4,59,473,67.3z\"\/>\n\t<path class=\"elementor-shape-fill\" opacity=\"0.66\" d=\"M734,67.3c-45.5,0-77.2-23.2-129.1-39.1c-28.6-8.7-150.3-10.1-254,39.1 s-91.7-34.4-149.2,0C115.7,118.3,0,39.8,0,39.8V0h1000v36.5c0,0-28.2-18.5-92.1-18.5C810.2,18.1,775.7,67.3,734,67.3z\"\/>\n\t<path class=\"elementor-shape-fill\" d=\"M766.1,28.9c-200-57.5-266,65.5-395.1,19.5C242,1.8,242,5.4,184.8,20.6C128,35.8,132.3,44.9,89.9,52.5C28.6,63.7,0,0,0,0 h1000c0,0-9.9,40.9-83.6,48.1S829.6,47,766.1,28.9z\"\/>\n<\/svg>\t\t<\/div>\n\t\t<div class=\"elementor-element elementor-element-9bb6ee6 e-con-full e-flex e-con e-child\" data-id=\"9bb6ee6\" data-element_type=\"container\" data-e-type=\"container\" data-settings=\"{&quot;_ha_eqh_enable&quot;:false}\">\n\t\t\t\t<div class=\"elementor-element elementor-element-a18a680 elementor-widget elementor-widget-heading\" data-id=\"a18a680\" data-element_type=\"widget\" data-e-type=\"widget\" data-widget_type=\"heading.default\">\n\t\t\t\t<div class=\"elementor-widget-container\">\n\t\t\t\t\t<h2 class=\"elementor-heading-title elementor-size-default\">ACOMPA\u00d1AMIENTO VEHICULAR EN RUTA PARA PROTECCION DE MERCANCIAS<\/h2>\t\t\t\t<\/div>\n\t\t\t\t<\/div>\n\t\t\t\t<\/div>\n\t\t\t\t<\/div>\n\t\t<div class=\"elementor-element elementor-element-013dfc8 e-flex e-con-boxed e-con e-parent\" data-id=\"013dfc8\" data-element_type=\"container\" data-e-type=\"container\" data-settings=\"{&quot;shape_divider_bottom&quot;:&quot;triangle-asymmetrical&quot;,&quot;_ha_eqh_enable&quot;:false}\">\n\t\t\t\t\t<div class=\"e-con-inner\">\n\t\t\t\t<div class=\"elementor-shape elementor-shape-bottom\" aria-hidden=\"true\" data-negative=\"false\">\n\t\t\t<svg xmlns=\"http:\/\/www.w3.org\/2000\/svg\" viewBox=\"0 0 1000 100\" preserveAspectRatio=\"none\">\n\t<path class=\"elementor-shape-fill\" d=\"M738,99l262-93V0H0v5.6L738,99z\"\/>\n<\/svg>\t\t<\/div>\n\t\t<div class=\"elementor-element elementor-element-b8a2cac e-con-full e-flex e-con e-child\" data-id=\"b8a2cac\" data-element_type=\"container\" data-e-type=\"container\" data-settings=\"{&quot;motion_fx_motion_fx_scrolling&quot;:&quot;yes&quot;,&quot;motion_fx_translateY_effect&quot;:&quot;yes&quot;,&quot;_ha_eqh_enable&quot;:false,&quot;motion_fx_translateY_speed&quot;:{&quot;unit&quot;:&quot;px&quot;,&quot;size&quot;:4,&quot;sizes&quot;:[]},&quot;motion_fx_translateY_affectedRange&quot;:{&quot;unit&quot;:&quot;%&quot;,&quot;size&quot;:&quot;&quot;,&quot;sizes&quot;:{&quot;start&quot;:0,&quot;end&quot;:100}},&quot;motion_fx_devices&quot;:[&quot;desktop&quot;,&quot;tablet&quot;,&quot;mobile&quot;]}\">\n\t\t\t\t<div class=\"elementor-element elementor-element-9251925 elementor-widget elementor-widget-image\" data-id=\"9251925\" data-element_type=\"widget\" data-e-type=\"widget\" data-widget_type=\"image.default\">\n\t\t\t\t<div class=\"elementor-widget-container\">\n\t\t\t\t\t\t\t\t\t\t\t\t\t\t\t<img decoding=\"async\" src=\"https:\/\/pronterrestre.com\/sa\/wp-content\/uploads\/elementor\/thumbs\/seguridad1a-r1euhawvadscqzkh9di94wled5numfzd151k9dblk0.jpg\" title=\"seguridad1a\" alt=\"seguridad1a\" loading=\"lazy\" \/>\t\t\t\t\t\t\t\t\t\t\t\t\t\t\t<\/div>\n\t\t\t\t<\/div>\n\t\t\t\t<\/div>\n\t\t<div class=\"elementor-element elementor-element-7a704ca e-con-full e-flex e-con e-child\" data-id=\"7a704ca\" data-element_type=\"container\" data-e-type=\"container\" data-settings=\"{&quot;_ha_eqh_enable&quot;:false}\">\n\t\t\t\t<div class=\"elementor-element elementor-element-8b6ba4c elementor-widget elementor-widget-text-editor\" data-id=\"8b6ba4c\" data-element_type=\"widget\" data-e-type=\"widget\" data-widget_type=\"text-editor.default\">\n\t\t\t\t<div class=\"elementor-widget-container\">\n\t\t\t\t\t\t\t\t\t<div><p style=\"text-align: justify;\">Sabemos que la seguridad en el transporte de mercanc\u00edas es una prioridad. Por ello, ofrecemos un servicio de acompa\u00f1amiento vehicular en ruta, dise\u00f1ado para proteger su carga en cada etapa del trayecto y garantizar que llegue a su destino sin riesgos.<\/p><p>Nuestro servicio est\u00e1 orientado a la prevenci\u00f3n de incidentes como robos, desv\u00edos de carga o cualquier otra eventualidad que pueda comprometer la integridad de la mercanc\u00eda.<\/p><p>\u00bfC\u00f3mo funciona nuestro servicio?<br \/>\u2705 Escolta vehicular especializada con personal entrenado en seguridad en carretera.<br \/>\u2705 Monitoreo constante y comunicaci\u00f3n en tiempo real con los transportistas y el centro de control.<br \/>\u2705 Planes de ruta seguros, optimizados para minimizar riesgos y reducir tiempos de traslado.<br \/>\u2705 Protocolos de respuesta ante emergencias, garantizando una acci\u00f3n r\u00e1pida y efectiva en caso de cualquier eventualidad.<\/p><p>Este servicio es ideal para empresas que transportan mercanc\u00edas de alto valor o que requieren mayor control y vigilancia en sus operaciones log\u00edsticas.<\/p><\/div>\t\t\t\t\t\t\t\t<\/div>\n\t\t\t\t<\/div>\n\t\t\t\t<\/div>\n\t\t\t\t\t<\/div>\n\t\t\t\t<\/div>\n\t\t<div class=\"elementor-element elementor-element-501e856 e-flex e-con-boxed e-con e-parent\" data-id=\"501e856\" data-element_type=\"container\" data-e-type=\"container\" data-settings=\"{&quot;background_background&quot;:&quot;classic&quot;,&quot;shape_divider_bottom&quot;:&quot;triangle-asymmetrical&quot;,&quot;_ha_eqh_enable&quot;:false}\">\n\t\t\t\t\t<div class=\"e-con-inner\">\n\t\t\t\t<div class=\"elementor-shape elementor-shape-bottom\" aria-hidden=\"true\" data-negative=\"false\">\n\t\t\t<svg xmlns=\"http:\/\/www.w3.org\/2000\/svg\" viewBox=\"0 0 1000 100\" preserveAspectRatio=\"none\">\n\t<path class=\"elementor-shape-fill\" d=\"M738,99l262-93V0H0v5.6L738,99z\"\/>\n<\/svg>\t\t<\/div>\n\t\t<div class=\"elementor-element elementor-element-3d4406a e-con-full e-flex e-con e-child\" data-id=\"3d4406a\" data-element_type=\"container\" data-e-type=\"container\" data-settings=\"{&quot;_ha_eqh_enable&quot;:false}\">\n\t\t\t\t<div class=\"elementor-element elementor-element-95efc7f elementor-widget elementor-widget-text-editor\" data-id=\"95efc7f\" data-element_type=\"widget\" data-e-type=\"widget\" data-widget_type=\"text-editor.default\">\n\t\t\t\t<div class=\"elementor-widget-container\">\n\t\t\t\t\t\t\t\t\t<p style=\"text-align: justify;\"><strong>Beneficios de nuestro acompa\u00f1amiento vehicular:<\/strong><br \/>\ud83d\udd39 Mayor seguridad y tranquilidad para su empresa y clientes.<br \/>\ud83d\udd39 Reducci\u00f3n de riesgos asociados a robos o p\u00e9rdidas en ruta.<br \/>\ud83d\udd39 Cumplimiento de normativas de seguridad y est\u00e1ndares exigidos en la industria.<br \/>\ud83d\udd39 Mayor eficiencia log\u00edstica, asegurando entregas sin contratiempos.<\/p>\t\t\t\t\t\t\t\t<\/div>\n\t\t\t\t<\/div>\n\t\t\t\t<\/div>\n\t\t<div class=\"elementor-element elementor-element-9001515 e-con-full e-flex e-con e-child\" data-id=\"9001515\" data-element_type=\"container\" data-e-type=\"container\" data-settings=\"{&quot;motion_fx_motion_fx_scrolling&quot;:&quot;yes&quot;,&quot;motion_fx_translateY_effect&quot;:&quot;yes&quot;,&quot;_ha_eqh_enable&quot;:false,&quot;motion_fx_translateY_speed&quot;:{&quot;unit&quot;:&quot;px&quot;,&quot;size&quot;:4,&quot;sizes&quot;:[]},&quot;motion_fx_translateY_affectedRange&quot;:{&quot;unit&quot;:&quot;%&quot;,&quot;size&quot;:&quot;&quot;,&quot;sizes&quot;:{&quot;start&quot;:0,&quot;end&quot;:100}},&quot;motion_fx_devices&quot;:[&quot;desktop&quot;,&quot;tablet&quot;,&quot;mobile&quot;]}\">\n\t\t\t\t<div class=\"elementor-element elementor-element-fe73005 elementor-widget elementor-widget-image\" data-id=\"fe73005\" data-element_type=\"widget\" data-e-type=\"widget\" data-widget_type=\"image.default\">\n\t\t\t\t<div class=\"elementor-widget-container\">\n\t\t\t\t\t\t\t\t\t\t\t\t\t\t\t<img decoding=\"async\" src=\"https:\/\/pronterrestre.com\/sa\/wp-content\/uploads\/elementor\/thumbs\/seguridad1-r1euibkkox6jbs38bbcpc5cdj6n5yn0w66hhz5t8tc.jpg\" title=\"seguridad1\" alt=\"seguridad1\" loading=\"lazy\" \/>\t\t\t\t\t\t\t\t\t\t\t\t\t\t\t<\/div>\n\t\t\t\t<\/div>\n\t\t\t\t<\/div>\n\t\t\t\t\t<\/div>\n\t\t\t\t<\/div>\n\t\t\t\t<\/div>\n\t\t","protected":false},"excerpt":{"rendered":"<p>ACOMPA\u00d1AMIENTO VEHICULAR EN RUTA PARA PROTECCION DE MERCANCIAS Sabemos que la seguridad en el transporte de mercanc\u00edas es una prioridad. Por ello, ofrecemos un servicio de acompa\u00f1amiento vehicular en ruta, dise\u00f1ado para proteger su carga en cada etapa del trayecto y garantizar que llegue a su destino sin riesgos. Nuestro servicio est\u00e1 orientado a la [&hellip;]<\/p>\n","protected":false},"author":1,"featured_media":0,"parent":0,"menu_order":0,"comment_status":"closed","ping_status":"closed","template":"elementor_header_footer","meta":{"_joinchat":[],"footnotes":""},"folder":[],"class_list":["post-14894","page","type-page","status-publish","hentry"],"_links":{"self":[{"href":"https:\/\/pronterrestre.com\/sa\/wp-json\/wp\/v2\/pages\/14894","targetHints":{"allow":["GET"]}}],"collection":[{"href":"https:\/\/pronterrestre.com\/sa\/wp-json\/wp\/v2\/pages"}],"about":[{"href":"https:\/\/pronterrestre.com\/sa\/wp-json\/wp\/v2\/types\/page"}],"author":[{"embeddable":true,"href":"https:\/\/pronterrestre.com\/sa\/wp-json\/wp\/v2\/users\/1"}],"replies":[{"embeddable":true,"href":"https:\/\/pronterrestre.com\/sa\/wp-json\/wp\/v2\/comments?post=14894"}],"version-history":[{"count":37,"href":"https:\/\/pronterrestre.com\/sa\/wp-json\/wp\/v2\/pages\/14894\/revisions"}],"predecessor-version":[{"id":15583,"href":"https:\/\/pronterrestre.com\/sa\/wp-json\/wp\/v2\/pages\/14894\/revisions\/15583"}],"wp:attachment":[{"href":"https:\/\/pronterrestre.com\/sa\/wp-json\/wp\/v2\/media?parent=14894"}],"wp:term":[{"taxonomy":"folder","embeddable":true,"href":"https:\/\/pronterrestre.com\/sa\/wp-json\/wp\/v2\/folder?post=14894"}],"curies":[{"name":"wp","href":"https:\/\/api.w.org\/{rel}","templated":true}]}}