{"id":12,"date":"2023-05-09T19:39:25","date_gmt":"2023-05-10T00:39:25","guid":{"rendered":"https:\/\/clickhd.net\/satelital\/?page_id=12"},"modified":"2025-02-24T17:05:19","modified_gmt":"2025-02-24T22:05:19","slug":"quienes-somos","status":"publish","type":"page","link":"https:\/\/pronterrestre.com\/sa\/quienes-somos\/","title":{"rendered":"Qui\u00e9nes Somos"},"content":{"rendered":"\t\t<div data-elementor-type=\"wp-page\" data-elementor-id=\"12\" class=\"elementor elementor-12\" data-elementor-settings=\"{&quot;ha_cmc_init_switcher&quot;:&quot;no&quot;}\" data-elementor-post-type=\"page\">\n\t\t\t\t<div class=\"elementor-element elementor-element-82cef3c e-con-full e-flex e-con e-parent\" data-id=\"82cef3c\" data-element_type=\"container\" data-e-type=\"container\" data-settings=\"{&quot;_ha_eqh_enable&quot;:false}\">\n\t\t<div class=\"elementor-element elementor-element-41e3372 e-con-full e-flex e-con e-child\" data-id=\"41e3372\" data-element_type=\"container\" data-e-type=\"container\" data-settings=\"{&quot;_ha_eqh_enable&quot;:false}\">\n\t\t\t\t<div class=\"elementor-element elementor-element-be1ed8f elementor-widget elementor-widget-image\" data-id=\"be1ed8f\" data-element_type=\"widget\" data-e-type=\"widget\" data-settings=\"{&quot;motion_fx_motion_fx_mouse&quot;:&quot;yes&quot;}\" data-widget_type=\"image.default\">\n\t\t\t\t<div class=\"elementor-widget-container\">\n\t\t\t\t\t\t\t\t\t\t\t\t\t\t\t<img fetchpriority=\"high\" decoding=\"async\" width=\"525\" height=\"499\" src=\"https:\/\/pronterrestre.com\/sa\/wp-content\/uploads\/2025\/02\/quienes_somoss.jpg\" class=\"elementor-animation-pulse attachment-medium_large size-medium_large wp-image-15542\" alt=\"\" srcset=\"https:\/\/pronterrestre.com\/sa\/wp-content\/uploads\/2025\/02\/quienes_somoss.jpg 570w, https:\/\/pronterrestre.com\/sa\/wp-content\/uploads\/2025\/02\/quienes_somoss-300x285.jpg 300w\" sizes=\"(max-width: 525px) 100vw, 525px\" \/>\t\t\t\t\t\t\t\t\t\t\t\t\t\t\t<\/div>\n\t\t\t\t<\/div>\n\t\t\t\t<\/div>\n\t\t<div class=\"elementor-element elementor-element-ccbc121 e-con-full e-flex e-con e-child\" data-id=\"ccbc121\" data-element_type=\"container\" data-e-type=\"container\" data-settings=\"{&quot;_ha_eqh_enable&quot;:false}\">\n\t\t\t\t<div class=\"elementor-element elementor-element-456493b elementor-invisible elementor-widget elementor-widget-heading\" data-id=\"456493b\" data-element_type=\"widget\" data-e-type=\"widget\" data-settings=\"{&quot;_animation&quot;:&quot;fadeInDown&quot;}\" data-widget_type=\"heading.default\">\n\t\t\t\t<div class=\"elementor-widget-container\">\n\t\t\t\t\t<h2 class=\"elementor-heading-title elementor-size-default\">DIRECCIONAMIENTO ESTRATEGICO<\/h2>\t\t\t\t<\/div>\n\t\t\t\t<\/div>\n\t\t\t\t<div class=\"elementor-element elementor-element-f250d0c elementor-invisible elementor-widget elementor-widget-heading\" data-id=\"f250d0c\" data-element_type=\"widget\" data-e-type=\"widget\" data-settings=\"{&quot;_animation&quot;:&quot;fadeInDown&quot;}\" data-widget_type=\"heading.default\">\n\t\t\t\t<div class=\"elementor-widget-container\">\n\t\t\t\t\t<h2 class=\"elementor-heading-title elementor-size-default\">Rese\u00f1a  Hist\u00f3rica<\/h2>\t\t\t\t<\/div>\n\t\t\t\t<\/div>\n\t\t\t\t<div class=\"elementor-element elementor-element-8351275 elementor-invisible elementor-widget elementor-widget-text-editor\" data-id=\"8351275\" data-element_type=\"widget\" data-e-type=\"widget\" data-settings=\"{&quot;_animation&quot;:&quot;fadeInUp&quot;}\" data-widget_type=\"text-editor.default\">\n\t\t\t\t<div class=\"elementor-widget-container\">\n\t\t\t\t\t\t\t\t\t<div style=\"text-align: center;\"><p style=\"text-align: justify;\">PRONTERRESTRE S.A es una Empresa privada del orden Nacional, constituida el 2 de Mayo de 2001 y registrada en la c\u00e1mara de Comercio de Bogot\u00e1 Bajo matr\u00edcula No. 01090901, habilitada por el Ministerio de Transporte y vigilada por la superintendencia de Transportes, inscrita en la DIAN con el registro \u00fanico Tributario No. 830087165-1, c\u00f3digo CIIU 4923 Transporte de carga por carretera y actividades conexas y complementarias. La Organizaci\u00f3n naci\u00f3 como aliado estrat\u00e9gico del sector industrial y comercial, con el fin de coadyuvar en el desarrollo de la log\u00edstica Nacional que demandaba la apertura internacional de la Econom\u00eda, focalizando inicialmente su operaci\u00f3n en el transporte masivo, semi-masivo y la distribuci\u00f3n Nacional de mercanc\u00edas.<\/p><\/div>\t\t\t\t\t\t\t\t<\/div>\n\t\t\t\t<\/div>\n\t\t\t\t<\/div>\n\t\t\t\t<\/div>\n\t\t<div class=\"elementor-element elementor-element-a7adedf e-con-full e-flex e-con e-parent\" data-id=\"a7adedf\" data-element_type=\"container\" data-e-type=\"container\" data-settings=\"{&quot;background_background&quot;:&quot;classic&quot;,&quot;_ha_eqh_enable&quot;:false}\">\n\t\t<div class=\"elementor-element elementor-element-2585eed e-con-full e-flex e-con e-child\" data-id=\"2585eed\" data-element_type=\"container\" data-e-type=\"container\" data-settings=\"{&quot;_ha_eqh_enable&quot;:false}\">\n\t\t\t\t<div class=\"elementor-element elementor-element-06ae046 elementor-widget elementor-widget-image\" data-id=\"06ae046\" data-element_type=\"widget\" data-e-type=\"widget\" data-widget_type=\"image.default\">\n\t\t\t\t<div class=\"elementor-widget-container\">\n\t\t\t\t\t\t\t\t\t\t\t\t\t\t\t<img decoding=\"async\" width=\"320\" height=\"223\" src=\"https:\/\/pronterrestre.com\/sa\/wp-content\/uploads\/2025\/02\/direccionamiento_estrategico1.png\" class=\"attachment-large size-large wp-image-15648\" alt=\"\" srcset=\"https:\/\/pronterrestre.com\/sa\/wp-content\/uploads\/2025\/02\/direccionamiento_estrategico1.png 320w, https:\/\/pronterrestre.com\/sa\/wp-content\/uploads\/2025\/02\/direccionamiento_estrategico1-300x209.png 300w\" sizes=\"(max-width: 320px) 100vw, 320px\" \/>\t\t\t\t\t\t\t\t\t\t\t\t\t\t\t<\/div>\n\t\t\t\t<\/div>\n\t\t\t\t<\/div>\n\t\t\t\t<\/div>\n\t\t<div class=\"elementor-element elementor-element-263177d e-flex e-con-boxed e-con e-parent\" data-id=\"263177d\" data-element_type=\"container\" data-e-type=\"container\" data-settings=\"{&quot;_ha_eqh_enable&quot;:false}\">\n\t\t\t\t\t<div class=\"e-con-inner\">\n\t\t<div class=\"elementor-element elementor-element-b802b75 e-con-full e-flex e-con e-child\" data-id=\"b802b75\" data-element_type=\"container\" data-e-type=\"container\" data-settings=\"{&quot;_ha_eqh_enable&quot;:false}\">\n\t\t<div class=\"elementor-element elementor-element-6a0d110 e-con-full e-flex e-con e-child\" data-id=\"6a0d110\" data-element_type=\"container\" data-e-type=\"container\" data-settings=\"{&quot;background_background&quot;:&quot;classic&quot;,&quot;_ha_eqh_enable&quot;:false}\">\n\t\t<div class=\"elementor-element elementor-element-0848bbc e-con-full e-flex e-con e-child\" data-id=\"0848bbc\" data-element_type=\"container\" data-e-type=\"container\" data-settings=\"{&quot;_ha_eqh_enable&quot;:false}\">\n\t\t\t\t<div class=\"elementor-element elementor-element-cd882b5 elementor-view-default elementor-position-block-start elementor-mobile-position-block-start elementor-invisible elementor-widget elementor-widget-icon-box\" data-id=\"cd882b5\" data-element_type=\"widget\" data-e-type=\"widget\" data-settings=\"{&quot;_animation&quot;:&quot;rotateInUpLeft&quot;}\" data-widget_type=\"icon-box.default\">\n\t\t\t\t<div class=\"elementor-widget-container\">\n\t\t\t\t\t\t\t<div class=\"elementor-icon-box-wrapper\">\n\n\t\t\t\t\t\t<div class=\"elementor-icon-box-icon\">\n\t\t\t\t<span  class=\"elementor-icon\">\n\t\t\t\t<i aria-hidden=\"true\" class=\"far fa-lightbulb\"><\/i>\t\t\t\t<\/span>\n\t\t\t<\/div>\n\t\t\t\n\t\t\t\t\t\t<div class=\"elementor-icon-box-content\">\n\n\t\t\t\t\t\t\t\t\t<h3 class=\"elementor-icon-box-title\">\n\t\t\t\t\t\t<span  >\n\t\t\t\t\t\t\tMISI\u00d3N\t\t\t\t\t\t<\/span>\n\t\t\t\t\t<\/h3>\n\t\t\t\t\n\t\t\t\t\t\t\t\t\t<p class=\"elementor-icon-box-description\">\n\t\t\t\t\t\tPrestar el servicio de transporte terrestre de carga a nivel nacional , servicios log\u00edsticos conexos y complementarios, bajo est\u00e1ndares de calidad, control y seguridad integral, cumpliendo los requisitos legales y contractuales aplicables a nuestra actividad.\t\t\t\t\t<\/p>\n\t\t\t\t\n\t\t\t<\/div>\n\t\t\t\n\t\t<\/div>\n\t\t\t\t\t\t<\/div>\n\t\t\t\t<\/div>\n\t\t\t\t<\/div>\n\t\t<div class=\"elementor-element elementor-element-bf5e447 e-con-full e-flex e-con e-child\" data-id=\"bf5e447\" data-element_type=\"container\" data-e-type=\"container\" data-settings=\"{&quot;_ha_eqh_enable&quot;:false}\">\n\t\t\t\t<div class=\"elementor-element elementor-element-dc45885 elementor-widget__width-initial elementor-view-default elementor-position-block-start elementor-mobile-position-block-start elementor-invisible elementor-widget elementor-widget-icon-box\" data-id=\"dc45885\" data-element_type=\"widget\" data-e-type=\"widget\" data-settings=\"{&quot;_animation&quot;:&quot;rotateInUpRight&quot;}\" data-widget_type=\"icon-box.default\">\n\t\t\t\t<div class=\"elementor-widget-container\">\n\t\t\t\t\t\t\t<div class=\"elementor-icon-box-wrapper\">\n\n\t\t\t\t\t\t<div class=\"elementor-icon-box-icon\">\n\t\t\t\t<span  class=\"elementor-icon\">\n\t\t\t\t<i aria-hidden=\"true\" class=\"far fa-eye\"><\/i>\t\t\t\t<\/span>\n\t\t\t<\/div>\n\t\t\t\n\t\t\t\t\t\t<div class=\"elementor-icon-box-content\">\n\n\t\t\t\t\t\t\t\t\t<h3 class=\"elementor-icon-box-title\">\n\t\t\t\t\t\t<span  >\n\t\t\t\t\t\t\tVISI\u00d3N\t\t\t\t\t\t<\/span>\n\t\t\t\t\t<\/h3>\n\t\t\t\t\n\t\t\t\t\t\t\t\t\t<p class=\"elementor-icon-box-description\">\n\t\t\t\t\t\tLa prospecci\u00f3n de nuestra organizaci\u00f3n, es alcanzar el desarrollo sostenible, para constituirnos como operador integral en la gesti\u00f3n del transporte por carretera y los servicios log\u00edsticos conexos y complementarios, debidamente acreditado por las buenas pr\u00e1cticas en toda la cadena de suministros.\t\t\t\t\t<\/p>\n\t\t\t\t\n\t\t\t<\/div>\n\t\t\t\n\t\t<\/div>\n\t\t\t\t\t\t<\/div>\n\t\t\t\t<\/div>\n\t\t\t\t<\/div>\n\t\t\t\t<\/div>\n\t\t\t\t<\/div>\n\t\t\t\t\t<\/div>\n\t\t\t\t<\/div>\n\t\t<div class=\"elementor-element elementor-element-5b116c3 e-flex e-con-boxed e-con e-parent\" data-id=\"5b116c3\" data-element_type=\"container\" data-e-type=\"container\" data-settings=\"{&quot;_ha_eqh_enable&quot;:false}\">\n\t\t\t\t\t<div class=\"e-con-inner\">\n\t\t<div class=\"elementor-element elementor-element-765da3e e-con-full e-flex e-con e-child\" data-id=\"765da3e\" data-element_type=\"container\" data-e-type=\"container\" data-settings=\"{&quot;_ha_eqh_enable&quot;:false}\">\n\t\t<div class=\"elementor-element elementor-element-e0fd819 e-con-full e-flex e-con e-child\" data-id=\"e0fd819\" data-element_type=\"container\" data-e-type=\"container\" data-settings=\"{&quot;background_background&quot;:&quot;classic&quot;,&quot;_ha_eqh_enable&quot;:false}\">\n\t\t<div class=\"elementor-element elementor-element-ae34ca7 e-con-full e-flex e-con e-child\" data-id=\"ae34ca7\" data-element_type=\"container\" data-e-type=\"container\" data-settings=\"{&quot;_ha_eqh_enable&quot;:false}\">\n\t\t\t\t<div class=\"elementor-element elementor-element-db35e72 elementor-view-default elementor-position-block-start elementor-mobile-position-block-start elementor-invisible elementor-widget elementor-widget-icon-box\" data-id=\"db35e72\" data-element_type=\"widget\" data-e-type=\"widget\" data-settings=\"{&quot;_animation&quot;:&quot;rotateInUpLeft&quot;}\" data-widget_type=\"icon-box.default\">\n\t\t\t\t<div class=\"elementor-widget-container\">\n\t\t\t\t\t\t\t<div class=\"elementor-icon-box-wrapper\">\n\n\t\t\t\t\t\t<div class=\"elementor-icon-box-icon\">\n\t\t\t\t<span  class=\"elementor-icon\">\n\t\t\t\t<i aria-hidden=\"true\" class=\"fas fa-balance-scale-left\"><\/i>\t\t\t\t<\/span>\n\t\t\t<\/div>\n\t\t\t\n\t\t\t\t\t\t<div class=\"elementor-icon-box-content\">\n\n\t\t\t\t\t\t\t\t\t<h3 class=\"elementor-icon-box-title\">\n\t\t\t\t\t\t<span  >\n\t\t\t\t\t\t\tPOL\u00cdTICAS DE RESPONSABILIDAD\t\t\t\t\t\t<\/span>\n\t\t\t\t\t<\/h3>\n\t\t\t\t\n\t\t\t\t\t\t\t\t\t<p class=\"elementor-icon-box-description\">\n\t\t\t\t\t\tLa junta directiva de PRONTERRESTRE S A, acatando los lineamientos corporativos, establece las normas, valores, pol\u00edticas y criterios que deben servir de gu\u00eda en la definici\u00f3n de las estrategias, implementaci\u00f3n y mantenimiento de la gesti\u00f3n, con el fin de atender a las necesidades y expectativas de todas y cada una de las partes interesadas, y fortalecer la confianza y el desarrollo empresarial...\t\t\t\t\t<\/p>\n\t\t\t\t\n\t\t\t<\/div>\n\t\t\t\n\t\t<\/div>\n\t\t\t\t\t\t<\/div>\n\t\t\t\t<\/div>\n\t\t\t\t<div class=\"elementor-element elementor-element-ab7d7e8 elementor-align-center elementor-widget elementor-widget-button\" data-id=\"ab7d7e8\" data-element_type=\"widget\" data-e-type=\"widget\" data-widget_type=\"button.default\">\n\t\t\t\t<div class=\"elementor-widget-container\">\n\t\t\t\t\t\t\t\t\t<div class=\"elementor-button-wrapper\">\n\t\t\t\t\t<a class=\"elementor-button elementor-button-link elementor-size-sm\" href=\"https:\/\/pronterrestre.com\/sa\/politicas\/\">\n\t\t\t\t\t\t<span class=\"elementor-button-content-wrapper\">\n\t\t\t\t\t\t\t\t\t<span class=\"elementor-button-text\">M\u00e1s Informaci\u00f3n<\/span>\n\t\t\t\t\t<\/span>\n\t\t\t\t\t<\/a>\n\t\t\t\t<\/div>\n\t\t\t\t\t\t\t\t<\/div>\n\t\t\t\t<\/div>\n\t\t\t\t<\/div>\n\t\t\t\t<\/div>\n\t\t\t\t<\/div>\n\t\t\t\t\t<\/div>\n\t\t\t\t<\/div>\n\t\t<div class=\"elementor-element elementor-element-7a4f9bf e-flex e-con-boxed e-con e-parent\" data-id=\"7a4f9bf\" data-element_type=\"container\" data-e-type=\"container\" data-settings=\"{&quot;_ha_eqh_enable&quot;:false}\">\n\t\t\t\t\t<div class=\"e-con-inner\">\n\t\t<div class=\"elementor-element elementor-element-1b39ef1 e-con-full e-flex e-con e-child\" data-id=\"1b39ef1\" data-element_type=\"container\" data-e-type=\"container\" data-settings=\"{&quot;_ha_eqh_enable&quot;:false}\">\n\t\t<div class=\"elementor-element elementor-element-70dd142 e-con-full e-flex e-con e-child\" data-id=\"70dd142\" data-element_type=\"container\" data-e-type=\"container\" data-settings=\"{&quot;background_background&quot;:&quot;classic&quot;,&quot;_ha_eqh_enable&quot;:false}\">\n\t\t\t\t<div class=\"elementor-element elementor-element-53311e0 elementor-invisible elementor-widget elementor-widget-heading\" data-id=\"53311e0\" data-element_type=\"widget\" data-e-type=\"widget\" data-settings=\"{&quot;_animation&quot;:&quot;fadeInDown&quot;}\" data-widget_type=\"heading.default\">\n\t\t\t\t<div class=\"elementor-widget-container\">\n\t\t\t\t\t<h2 class=\"elementor-heading-title elementor-size-default\">Certificaciones BASC<\/h2>\t\t\t\t<\/div>\n\t\t\t\t<\/div>\n\t\t\t\t<div class=\"elementor-element elementor-element-26e2ec5 elementor-widget elementor-widget-image\" data-id=\"26e2ec5\" data-element_type=\"widget\" data-e-type=\"widget\" data-widget_type=\"image.default\">\n\t\t\t\t<div class=\"elementor-widget-container\">\n\t\t\t\t\t\t\t\t\t\t\t\t\t\t\t<img decoding=\"async\" width=\"525\" height=\"679\" src=\"https:\/\/pronterrestre.com\/sa\/wp-content\/uploads\/2025\/02\/certificado-basc-1.png\" class=\"attachment-large size-large wp-image-15656\" alt=\"\" srcset=\"https:\/\/pronterrestre.com\/sa\/wp-content\/uploads\/2025\/02\/certificado-basc-1.png 706w, https:\/\/pronterrestre.com\/sa\/wp-content\/uploads\/2025\/02\/certificado-basc-1-232x300.png 232w\" sizes=\"(max-width: 525px) 100vw, 525px\" \/>\t\t\t\t\t\t\t\t\t\t\t\t\t\t\t<\/div>\n\t\t\t\t<\/div>\n\t\t\t\t<\/div>\n\t\t\t\t<\/div>\n\t\t\t\t\t<\/div>\n\t\t\t\t<\/div>\n\t\t\t\t<\/div>\n\t\t","protected":false},"excerpt":{"rendered":"<p>DIRECCIONAMIENTO ESTRATEGICO Rese\u00f1a Hist\u00f3rica PRONTERRESTRE S.A es una Empresa privada del orden Nacional, constituida el 2 de Mayo de 2001 y registrada en la c\u00e1mara de Comercio de Bogot\u00e1 Bajo matr\u00edcula No. 01090901, habilitada por el Ministerio de Transporte y vigilada por la superintendencia de Transportes, inscrita en la DIAN con el registro \u00fanico Tributario [&hellip;]<\/p>\n","protected":false},"author":1,"featured_media":0,"parent":0,"menu_order":0,"comment_status":"closed","ping_status":"closed","template":"elementor_header_footer","meta":{"_joinchat":[],"footnotes":""},"folder":[],"class_list":["post-12","page","type-page","status-publish","hentry"],"_links":{"self":[{"href":"https:\/\/pronterrestre.com\/sa\/wp-json\/wp\/v2\/pages\/12","targetHints":{"allow":["GET"]}}],"collection":[{"href":"https:\/\/pronterrestre.com\/sa\/wp-json\/wp\/v2\/pages"}],"about":[{"href":"https:\/\/pronterrestre.com\/sa\/wp-json\/wp\/v2\/types\/page"}],"author":[{"embeddable":true,"href":"https:\/\/pronterrestre.com\/sa\/wp-json\/wp\/v2\/users\/1"}],"replies":[{"embeddable":true,"href":"https:\/\/pronterrestre.com\/sa\/wp-json\/wp\/v2\/comments?post=12"}],"version-history":[{"count":115,"href":"https:\/\/pronterrestre.com\/sa\/wp-json\/wp\/v2\/pages\/12\/revisions"}],"predecessor-version":[{"id":15710,"href":"https:\/\/pronterrestre.com\/sa\/wp-json\/wp\/v2\/pages\/12\/revisions\/15710"}],"wp:attachment":[{"href":"https:\/\/pronterrestre.com\/sa\/wp-json\/wp\/v2\/media?parent=12"}],"wp:term":[{"taxonomy":"folder","embeddable":true,"href":"https:\/\/pronterrestre.com\/sa\/wp-json\/wp\/v2\/folder?post=12"}],"curies":[{"name":"wp","href":"https:\/\/api.w.org\/{rel}","templated":true}]}}